{"id":32302,"date":"2018-02-06T13:01:01","date_gmt":"2018-02-06T12:01:01","guid":{"rendered":"https:\/\/afit.si\/?page_id=32302\/"},"modified":"2023-01-11T10:53:50","modified_gmt":"2023-01-11T09:53:50","slug":"vizija-in-poslanstvo","status":"publish","type":"page","link":"https:\/\/afit.si\/sl\/vizija-in-poslanstvo\/","title":{"rendered":"Vizija in poslanstvo"},"content":{"rendered":"\n<h2 class=\"wp-block-heading\" id=\"vizija\"><strong>Vizija<\/strong><\/h2>\n\n\n\n<p style=\"font-size:22px\">Utrditi polo\u017eaj vodilnega proizvajalca obutve v Sloveniji in v dr\u017eavah&nbsp;Jugovzhodne Evrope. To dosegamo samostojno z nadgrajevanjem znanj,&nbsp;vlaganjem v razvoj izdelkov in marketing; ter s krepitvijo dolgoro\u010dnih&nbsp;poslovnih povezav.<\/p>\n\n\n\n<p style=\"font-size:22px\">Ponuditi \u0161irok izbor visoko kakovostne obutve za razli\u010dne prilo\u017enosti. To dosegamo z raz\u0161iritvijo ponudbe z izdelki skrbno izbranih blagovnih znamk drugih dobaviteljev.<\/p>\n\n\n\n<div style=\"height:47px\" aria-hidden=\"true\" class=\"wp-block-spacer\"><\/div>\n\n\n\n<h2 class=\"wp-block-heading\" id=\"poslanstvo\"><strong>Poslanstvo<\/strong><\/h2>\n\n\n\n<p style=\"font-size:22px\">Afit d.o.o. je dru\u017ebeno odgovorno podjetje. Razvijamo, izdelujemo in prodajamo visoko kakovostne produkte,&nbsp;ki so sad skrbno izbranih materialov, znanja&nbsp;ter tradicije.<br>Zagotavljamo kakovostna delovna mesta v lokalnem in \u0161ir\u0161em okolju.<br>Na vseh&nbsp;podro\u010djih na\u0161ega delovanja se trudimo pozitivno vplivati na okolje, v katerem delujemo.<\/p>\n\n\n\n<div style=\"height:100px\" aria-hidden=\"true\" class=\"wp-block-spacer\"><\/div>\n","protected":false},"excerpt":{"rendered":"Vizija Utrditi polo\u017eaj vodilnega proizvajalca obutve v Sloveniji in v dr\u017eavah&nbsp;Jugovzhodne Evrope. To dosegamo samostojno z nadgrajevanjem znanj,&nbsp;vlaganjem v razvoj izdelkov in marketing; ter s krepitvijo dolgoro\u010dnih&nbsp;poslovnih povezav. Ponuditi \u0161irok izbor visoko kakovostne obutve za razli\u010dne prilo\u017enosti. To dosegamo z raz\u0161iritvijo ponudbe z izdelki skrbno izbranih blagovnih znamk drugih dobaviteljev. Poslanstvo Afit d.o.o. je dru\u017ebeno &#8230; <a class=\"view-article\" href=\"https:\/\/afit.si\/sl\/vizija-in-poslanstvo\/\">Preberite ve\u010d<\/a>","protected":false},"author":1,"featured_media":0,"parent":0,"menu_order":0,"comment_status":"closed","ping_status":"closed","template":"templates\/template-content.php","meta":{"footnotes":""},"class_list":["post-32302","page","type-page","status-publish","hentry"],"acf":[],"yoast_head":"<!-- This site is optimized with the Yoast SEO plugin v23.7 - https:\/\/yoast.com\/wordpress\/plugins\/seo\/ -->\n<title>Vizija in poslanstvo - Afit d.o.o.<\/title>\n<meta name=\"description\" content=\"Utrditi polo\u017eaj vodilnega proizvajalca otro\u0161ke obutve v Sloveniji in v dr\u017eavah\u00a0Jugovzhodne Evrope. To dosegamo samostojno z nadgrajevanjem znanj,\u00a0vlaganjem v razvoj izdelkov in marketing; ter s krepitvijo dolgoro\u010dnih\u00a0poslovnih povezav.\" \/>\n<meta name=\"robots\" content=\"index, follow, max-snippet:-1, max-image-preview:large, max-video-preview:-1\" \/>\n<link rel=\"canonical\" href=\"https:\/\/afit.si\/sl\/vizija-in-poslanstvo\/\" \/>\n<meta property=\"og:locale\" content=\"sl_SI\" \/>\n<meta property=\"og:type\" content=\"article\" \/>\n<meta property=\"og:title\" content=\"Vizija in poslanstvo - Afit d.o.o.\" \/>\n<meta property=\"og:description\" content=\"Utrditi polo\u017eaj vodilnega proizvajalca otro\u0161ke obutve v Sloveniji in v dr\u017eavah\u00a0Jugovzhodne Evrope. To dosegamo samostojno z nadgrajevanjem znanj,\u00a0vlaganjem v razvoj izdelkov in marketing; ter s krepitvijo dolgoro\u010dnih\u00a0poslovnih povezav.\" \/>\n<meta property=\"og:url\" content=\"https:\/\/afit.si\/sl\/vizija-in-poslanstvo\/\" \/>\n<meta property=\"og:site_name\" content=\"Afit\" \/>\n<meta property=\"article:publisher\" content=\"https:\/\/www.facebook.com\/IMACshoes.Slovenija\/\" \/>\n<meta property=\"article:modified_time\" content=\"2023-01-11T09:53:50+00:00\" \/>\n<meta name=\"twitter:card\" content=\"summary_large_image\" \/>\n<meta name=\"twitter:label1\" content=\"Est. reading time\" \/>\n\t<meta name=\"twitter:data1\" content=\"1 minuta\" \/>\n<script type=\"application\/ld+json\" class=\"yoast-schema-graph\">{\"@context\":\"https:\/\/schema.org\",\"@graph\":[{\"@type\":\"WebPage\",\"@id\":\"https:\/\/afit.si\/sl\/vizija-in-poslanstvo\/\",\"url\":\"https:\/\/afit.si\/sl\/vizija-in-poslanstvo\/\",\"name\":\"Vizija in poslanstvo - Afit d.o.o.\",\"isPartOf\":{\"@id\":\"https:\/\/afit.si\/sl\/#website\"},\"datePublished\":\"2018-02-06T12:01:01+00:00\",\"dateModified\":\"2023-01-11T09:53:50+00:00\",\"description\":\"Utrditi polo\u017eaj vodilnega proizvajalca otro\u0161ke obutve v Sloveniji in v dr\u017eavah\u00a0Jugovzhodne Evrope. To dosegamo samostojno z nadgrajevanjem znanj,\u00a0vlaganjem v razvoj izdelkov in marketing; ter s krepitvijo dolgoro\u010dnih\u00a0poslovnih povezav.\",\"breadcrumb\":{\"@id\":\"https:\/\/afit.si\/sl\/vizija-in-poslanstvo\/#breadcrumb\"},\"inLanguage\":\"sl-SI\",\"potentialAction\":[{\"@type\":\"ReadAction\",\"target\":[\"https:\/\/afit.si\/sl\/vizija-in-poslanstvo\/\"]}]},{\"@type\":\"BreadcrumbList\",\"@id\":\"https:\/\/afit.si\/sl\/vizija-in-poslanstvo\/#breadcrumb\",\"itemListElement\":[{\"@type\":\"ListItem\",\"position\":1,\"name\":\"Home\",\"item\":\"https:\/\/afit.si\/sl\/\"},{\"@type\":\"ListItem\",\"position\":2,\"name\":\"Vizija in poslanstvo\"}]},{\"@type\":\"WebSite\",\"@id\":\"https:\/\/afit.si\/sl\/#website\",\"url\":\"https:\/\/afit.si\/sl\/\",\"name\":\"Afit\",\"description\":\"Podjetje Afit d.o.o. se ukvarja s proizvodnjo in distribucijo obutve. Podjetje izdeluje otro\u0161ko obutev Ciciban in Balocchi ter blagovno znamko za odraslo mladino The Next.\",\"potentialAction\":[{\"@type\":\"SearchAction\",\"target\":{\"@type\":\"EntryPoint\",\"urlTemplate\":\"https:\/\/afit.si\/sl\/?s={search_term_string}\"},\"query-input\":{\"@type\":\"PropertyValueSpecification\",\"valueRequired\":true,\"valueName\":\"search_term_string\"}}],\"inLanguage\":\"sl-SI\"}]}<\/script>\n<!-- \/ Yoast SEO plugin. -->","yoast_head_json":{"title":"Vizija in poslanstvo - Afit d.o.o.","description":"Utrditi polo\u017eaj vodilnega proizvajalca otro\u0161ke obutve v Sloveniji in v dr\u017eavah\u00a0Jugovzhodne Evrope. To dosegamo samostojno z nadgrajevanjem znanj,\u00a0vlaganjem v razvoj izdelkov in marketing; ter s krepitvijo dolgoro\u010dnih\u00a0poslovnih povezav.","robots":{"index":"index","follow":"follow","max-snippet":"max-snippet:-1","max-image-preview":"max-image-preview:large","max-video-preview":"max-video-preview:-1"},"canonical":"https:\/\/afit.si\/sl\/vizija-in-poslanstvo\/","og_locale":"sl_SI","og_type":"article","og_title":"Vizija in poslanstvo - Afit d.o.o.","og_description":"Utrditi polo\u017eaj vodilnega proizvajalca otro\u0161ke obutve v Sloveniji in v dr\u017eavah\u00a0Jugovzhodne Evrope. To dosegamo samostojno z nadgrajevanjem znanj,\u00a0vlaganjem v razvoj izdelkov in marketing; ter s krepitvijo dolgoro\u010dnih\u00a0poslovnih povezav.","og_url":"https:\/\/afit.si\/sl\/vizija-in-poslanstvo\/","og_site_name":"Afit","article_publisher":"https:\/\/www.facebook.com\/IMACshoes.Slovenija\/","article_modified_time":"2023-01-11T09:53:50+00:00","twitter_card":"summary_large_image","twitter_misc":{"Est. reading time":"1 minuta"},"schema":{"@context":"https:\/\/schema.org","@graph":[{"@type":"WebPage","@id":"https:\/\/afit.si\/sl\/vizija-in-poslanstvo\/","url":"https:\/\/afit.si\/sl\/vizija-in-poslanstvo\/","name":"Vizija in poslanstvo - Afit d.o.o.","isPartOf":{"@id":"https:\/\/afit.si\/sl\/#website"},"datePublished":"2018-02-06T12:01:01+00:00","dateModified":"2023-01-11T09:53:50+00:00","description":"Utrditi polo\u017eaj vodilnega proizvajalca otro\u0161ke obutve v Sloveniji in v dr\u017eavah\u00a0Jugovzhodne Evrope. To dosegamo samostojno z nadgrajevanjem znanj,\u00a0vlaganjem v razvoj izdelkov in marketing; ter s krepitvijo dolgoro\u010dnih\u00a0poslovnih povezav.","breadcrumb":{"@id":"https:\/\/afit.si\/sl\/vizija-in-poslanstvo\/#breadcrumb"},"inLanguage":"sl-SI","potentialAction":[{"@type":"ReadAction","target":["https:\/\/afit.si\/sl\/vizija-in-poslanstvo\/"]}]},{"@type":"BreadcrumbList","@id":"https:\/\/afit.si\/sl\/vizija-in-poslanstvo\/#breadcrumb","itemListElement":[{"@type":"ListItem","position":1,"name":"Home","item":"https:\/\/afit.si\/sl\/"},{"@type":"ListItem","position":2,"name":"Vizija in poslanstvo"}]},{"@type":"WebSite","@id":"https:\/\/afit.si\/sl\/#website","url":"https:\/\/afit.si\/sl\/","name":"Afit","description":"Podjetje Afit d.o.o. se ukvarja s proizvodnjo in distribucijo obutve. Podjetje izdeluje otro\u0161ko obutev Ciciban in Balocchi ter blagovno znamko za odraslo mladino The Next.","potentialAction":[{"@type":"SearchAction","target":{"@type":"EntryPoint","urlTemplate":"https:\/\/afit.si\/sl\/?s={search_term_string}"},"query-input":{"@type":"PropertyValueSpecification","valueRequired":true,"valueName":"search_term_string"}}],"inLanguage":"sl-SI"}]}},"_links":{"self":[{"href":"https:\/\/afit.si\/sl\/wp-json\/wp\/v2\/pages\/32302"}],"collection":[{"href":"https:\/\/afit.si\/sl\/wp-json\/wp\/v2\/pages"}],"about":[{"href":"https:\/\/afit.si\/sl\/wp-json\/wp\/v2\/types\/page"}],"author":[{"embeddable":true,"href":"https:\/\/afit.si\/sl\/wp-json\/wp\/v2\/users\/1"}],"replies":[{"embeddable":true,"href":"https:\/\/afit.si\/sl\/wp-json\/wp\/v2\/comments?post=32302"}],"version-history":[{"count":19,"href":"https:\/\/afit.si\/sl\/wp-json\/wp\/v2\/pages\/32302\/revisions"}],"predecessor-version":[{"id":34120,"href":"https:\/\/afit.si\/sl\/wp-json\/wp\/v2\/pages\/32302\/revisions\/34120"}],"wp:attachment":[{"href":"https:\/\/afit.si\/sl\/wp-json\/wp\/v2\/media?parent=32302"}],"curies":[{"name":"wp","href":"https:\/\/api.w.org\/{rel}","templated":true}]}}