{"id":818,"date":"2016-11-16T08:46:58","date_gmt":"2016-11-16T07:46:58","guid":{"rendered":"http:\/\/www.ciciban.info\/en\/prodajna-mesta\/"},"modified":"2024-10-29T14:05:16","modified_gmt":"2024-10-29T13:05:16","slug":"store-locations","status":"publish","type":"page","link":"https:\/\/afit.si\/en\/store-locations\/","title":{"rendered":"Store locations"},"content":{"rendered":"\n<div class=\"wp-block-media-text alignwide is-stacked-on-mobile is-vertically-aligned-center\"><figure class=\"wp-block-media-text__media\"><a href=\"https:\/\/www.ciciban-shop.info\/Prodajalne\"><img fetchpriority=\"high\" decoding=\"async\" width=\"1366\" height=\"768\" src=\"https:\/\/afit.si\/wp-content\/uploads\/media\/ciciban-barven.jpg\" alt=\"\" class=\"wp-image-34146 size-full\" srcset=\"https:\/\/afit.si\/wp-content\/uploads\/media\/ciciban-barven.jpg 1366w, https:\/\/afit.si\/wp-content\/uploads\/media\/ciciban-barven-768x432.jpg 768w, https:\/\/afit.si\/wp-content\/uploads\/media\/ciciban-barven-700x394.jpg 700w\" sizes=\"(max-width: 1366px) 100vw, 1366px\" \/><\/a><\/figure><div class=\"wp-block-media-text__content\">\n<div class=\"wp-block-group\" style=\"padding-top:2em;padding-right:2em;padding-bottom:2em;padding-left:2em\"><div class=\"wp-block-group__inner-container is-layout-flow wp-block-group-is-layout-flow\">\n<p style=\"font-size:22px;line-height:1.2\">Otro\u0161ka obutev Ciciban in The Next<\/p>\n<\/div><\/div>\n<\/div><\/div>\n\n<div class=\"wp-block-media-text alignwide is-stacked-on-mobile is-vertically-aligned-center\"><figure class=\"wp-block-media-text__media\"><a href=\"https:\/\/www.balocchishoes.com\/punti-vendita\/\"><img decoding=\"async\" width=\"1366\" height=\"768\" src=\"https:\/\/afit.si\/wp-content\/uploads\/media\/balocchi-barven.jpg\" alt=\"\" class=\"wp-image-34148 size-full\" srcset=\"https:\/\/afit.si\/wp-content\/uploads\/media\/balocchi-barven.jpg 1366w, https:\/\/afit.si\/wp-content\/uploads\/media\/balocchi-barven-768x432.jpg 768w, https:\/\/afit.si\/wp-content\/uploads\/media\/balocchi-barven-700x394.jpg 700w\" sizes=\"(max-width: 1366px) 100vw, 1366px\" \/><\/a><\/figure><div class=\"wp-block-media-text__content\">\n<div class=\"wp-block-group\" style=\"padding-top:2em;padding-right:2em;padding-bottom:2em;padding-left:2em\"><div class=\"wp-block-group__inner-container is-layout-flow wp-block-group-is-layout-flow\">\n<p style=\"font-size:22px;line-height:1.2\">Otro\u0161ka obutev Balocchi<\/p>\n<\/div><\/div>\n<\/div><\/div>\n\n<div class=\"wp-block-media-text alignwide is-stacked-on-mobile is-vertically-aligned-center\"><figure class=\"wp-block-media-text__media\"><a href=\"https:\/\/afit.si\/sl\/imac-prodajna-mesta\/\"><img decoding=\"async\" width=\"1366\" height=\"768\" src=\"https:\/\/afit.si\/wp-content\/uploads\/media\/imac-barven.jpg\" alt=\"\" class=\"wp-image-34150 size-full\" srcset=\"https:\/\/afit.si\/wp-content\/uploads\/media\/imac-barven.jpg 1366w, https:\/\/afit.si\/wp-content\/uploads\/media\/imac-barven-768x432.jpg 768w, https:\/\/afit.si\/wp-content\/uploads\/media\/imac-barven-700x394.jpg 700w\" sizes=\"(max-width: 1366px) 100vw, 1366px\" \/><\/a><\/figure><div class=\"wp-block-media-text__content\">\n<div class=\"wp-block-group\" style=\"padding-top:2em;padding-right:2em;padding-bottom:2em;padding-left:2em\"><div class=\"wp-block-group__inner-container is-layout-flow wp-block-group-is-layout-flow\">\n<p style=\"font-size:22px;line-height:1.2\">Obutev za odrasle IMAC<\/p>\n<\/div><\/div>\n<\/div><\/div>\n\n<p style=\"font-size:22px\">\u0160irok izbor otro\u0161ke, \u017eenske in mo\u0161ke obutve vseh <a href=\"https:\/\/afit.si\/sl\/blagovne-znamke\/\"><strong>blagovnih znamk<\/strong><\/a> je na voljo v <strong><a href=\"https:\/\/www.ciciban.info\/sl\/prodajna-mesta\/\">trgovinah Ciciban<\/a>.<\/strong> Nekatere modele lahko naro\u010dite tudi v\u00a0<strong><a href=\"https:\/\/www.ciciban-shop.info\/c41\/obutev-za-odrasle\">spletni trgovini Ciciban<\/a>.<\/strong><\/p>\n\n<div style=\"height:100px\" aria-hidden=\"true\" class=\"wp-block-spacer\"><\/div>\n\n<p><\/p>\n","protected":false},"excerpt":{"rendered":"\u0160irok izbor otro\u0161ke, \u017eenske in mo\u0161ke obutve vseh blagovnih znamk je na voljo v trgovinah Ciciban. Nekatere modele lahko naro\u010dite tudi v\u00a0spletni trgovini Ciciban.","protected":false},"author":1,"featured_media":0,"parent":0,"menu_order":0,"comment_status":"closed","ping_status":"closed","template":"templates\/template-content.php","meta":{"footnotes":""},"class_list":["post-818","page","type-page","status-publish","hentry"],"acf":[],"yoast_head":"<!-- This site is optimized with the Yoast SEO plugin v23.7 - https:\/\/yoast.com\/wordpress\/plugins\/seo\/ -->\n<title>Store locations - Afit d.o..o<\/title>\n<meta name=\"description\" content=\"Learn what is the nearest store for CICIBAN, IMAC, FLY FLOT and other brands we sell.\" \/>\n<meta name=\"robots\" content=\"index, follow, max-snippet:-1, max-image-preview:large, max-video-preview:-1\" \/>\n<link rel=\"canonical\" href=\"https:\/\/afit.si\/en\/store-locations\/\" \/>\n<meta property=\"og:locale\" content=\"en_US\" \/>\n<meta property=\"og:type\" content=\"article\" \/>\n<meta property=\"og:title\" content=\"Store locations - Afit d.o..o\" \/>\n<meta property=\"og:description\" content=\"Learn what is the nearest store for CICIBAN, IMAC, FLY FLOT and other brands we sell.\" \/>\n<meta property=\"og:url\" content=\"https:\/\/afit.si\/en\/store-locations\/\" \/>\n<meta property=\"og:site_name\" content=\"AFIT\" \/>\n<meta property=\"article:publisher\" content=\"https:\/\/www.facebook.com\/IMACshoes.Slovenija\/\" \/>\n<meta property=\"article:modified_time\" content=\"2024-10-29T13:05:16+00:00\" \/>\n<meta property=\"og:image\" content=\"https:\/\/afit.si\/wp-content\/uploads\/media\/ciciban-barven.jpg\" \/>\n\t<meta property=\"og:image:width\" content=\"1366\" \/>\n\t<meta property=\"og:image:height\" content=\"768\" \/>\n\t<meta property=\"og:image:type\" content=\"image\/jpeg\" \/>\n<meta name=\"twitter:card\" content=\"summary_large_image\" \/>\n<script type=\"application\/ld+json\" class=\"yoast-schema-graph\">{\"@context\":\"https:\/\/schema.org\",\"@graph\":[{\"@type\":\"WebPage\",\"@id\":\"https:\/\/afit.si\/en\/store-locations\/\",\"url\":\"https:\/\/afit.si\/en\/store-locations\/\",\"name\":\"Store locations - Afit d.o..o\",\"isPartOf\":{\"@id\":\"https:\/\/afit.si\/sl\/#website\"},\"primaryImageOfPage\":{\"@id\":\"https:\/\/afit.si\/en\/store-locations\/#primaryimage\"},\"image\":{\"@id\":\"https:\/\/afit.si\/en\/store-locations\/#primaryimage\"},\"thumbnailUrl\":\"https:\/\/afit.si\/wp-content\/uploads\/media\/ciciban-barven.jpg\",\"datePublished\":\"2016-11-16T07:46:58+00:00\",\"dateModified\":\"2024-10-29T13:05:16+00:00\",\"description\":\"Learn what is the nearest store for CICIBAN, IMAC, FLY FLOT and other brands we sell.\",\"breadcrumb\":{\"@id\":\"https:\/\/afit.si\/en\/store-locations\/#breadcrumb\"},\"inLanguage\":\"en-US\",\"potentialAction\":[{\"@type\":\"ReadAction\",\"target\":[\"https:\/\/afit.si\/en\/store-locations\/\"]}]},{\"@type\":\"ImageObject\",\"inLanguage\":\"en-US\",\"@id\":\"https:\/\/afit.si\/en\/store-locations\/#primaryimage\",\"url\":\"https:\/\/afit.si\/wp-content\/uploads\/media\/ciciban-barven.jpg\",\"contentUrl\":\"https:\/\/afit.si\/wp-content\/uploads\/media\/ciciban-barven.jpg\"},{\"@type\":\"BreadcrumbList\",\"@id\":\"https:\/\/afit.si\/en\/store-locations\/#breadcrumb\",\"itemListElement\":[{\"@type\":\"ListItem\",\"position\":1,\"name\":\"Home\",\"item\":\"https:\/\/afit.si\/sl\/\"},{\"@type\":\"ListItem\",\"position\":2,\"name\":\"Store locations\"}]},{\"@type\":\"WebSite\",\"@id\":\"https:\/\/afit.si\/sl\/#website\",\"url\":\"https:\/\/afit.si\/sl\/\",\"name\":\"AFIT\",\"description\":\"Podjetje Afit d.o.o. se ukvarja s proizvodnjo in distribucijo obutve. Podjetje izdeluje otro\u0161ko obutev Ciciban in Balocchi ter blagovno znamko za odraslo mladino The Next.\",\"potentialAction\":[{\"@type\":\"SearchAction\",\"target\":{\"@type\":\"EntryPoint\",\"urlTemplate\":\"https:\/\/afit.si\/sl\/?s={search_term_string}\"},\"query-input\":{\"@type\":\"PropertyValueSpecification\",\"valueRequired\":true,\"valueName\":\"search_term_string\"}}],\"inLanguage\":\"en-US\"}]}<\/script>\n<!-- \/ Yoast SEO plugin. -->","yoast_head_json":{"title":"Store locations - Afit d.o..o","description":"Learn what is the nearest store for CICIBAN, IMAC, FLY FLOT and other brands we sell.","robots":{"index":"index","follow":"follow","max-snippet":"max-snippet:-1","max-image-preview":"max-image-preview:large","max-video-preview":"max-video-preview:-1"},"canonical":"https:\/\/afit.si\/en\/store-locations\/","og_locale":"en_US","og_type":"article","og_title":"Store locations - Afit d.o..o","og_description":"Learn what is the nearest store for CICIBAN, IMAC, FLY FLOT and other brands we sell.","og_url":"https:\/\/afit.si\/en\/store-locations\/","og_site_name":"AFIT","article_publisher":"https:\/\/www.facebook.com\/IMACshoes.Slovenija\/","article_modified_time":"2024-10-29T13:05:16+00:00","og_image":[{"width":1366,"height":768,"url":"https:\/\/afit.si\/wp-content\/uploads\/media\/ciciban-barven.jpg","type":"image\/jpeg"}],"twitter_card":"summary_large_image","schema":{"@context":"https:\/\/schema.org","@graph":[{"@type":"WebPage","@id":"https:\/\/afit.si\/en\/store-locations\/","url":"https:\/\/afit.si\/en\/store-locations\/","name":"Store locations - Afit d.o..o","isPartOf":{"@id":"https:\/\/afit.si\/sl\/#website"},"primaryImageOfPage":{"@id":"https:\/\/afit.si\/en\/store-locations\/#primaryimage"},"image":{"@id":"https:\/\/afit.si\/en\/store-locations\/#primaryimage"},"thumbnailUrl":"https:\/\/afit.si\/wp-content\/uploads\/media\/ciciban-barven.jpg","datePublished":"2016-11-16T07:46:58+00:00","dateModified":"2024-10-29T13:05:16+00:00","description":"Learn what is the nearest store for CICIBAN, IMAC, FLY FLOT and other brands we sell.","breadcrumb":{"@id":"https:\/\/afit.si\/en\/store-locations\/#breadcrumb"},"inLanguage":"en-US","potentialAction":[{"@type":"ReadAction","target":["https:\/\/afit.si\/en\/store-locations\/"]}]},{"@type":"ImageObject","inLanguage":"en-US","@id":"https:\/\/afit.si\/en\/store-locations\/#primaryimage","url":"https:\/\/afit.si\/wp-content\/uploads\/media\/ciciban-barven.jpg","contentUrl":"https:\/\/afit.si\/wp-content\/uploads\/media\/ciciban-barven.jpg"},{"@type":"BreadcrumbList","@id":"https:\/\/afit.si\/en\/store-locations\/#breadcrumb","itemListElement":[{"@type":"ListItem","position":1,"name":"Home","item":"https:\/\/afit.si\/sl\/"},{"@type":"ListItem","position":2,"name":"Store locations"}]},{"@type":"WebSite","@id":"https:\/\/afit.si\/sl\/#website","url":"https:\/\/afit.si\/sl\/","name":"AFIT","description":"Podjetje Afit d.o.o. se ukvarja s proizvodnjo in distribucijo obutve. Podjetje izdeluje otro\u0161ko obutev Ciciban in Balocchi ter blagovno znamko za odraslo mladino The Next.","potentialAction":[{"@type":"SearchAction","target":{"@type":"EntryPoint","urlTemplate":"https:\/\/afit.si\/sl\/?s={search_term_string}"},"query-input":{"@type":"PropertyValueSpecification","valueRequired":true,"valueName":"search_term_string"}}],"inLanguage":"en-US"}]}},"_links":{"self":[{"href":"https:\/\/afit.si\/en\/wp-json\/wp\/v2\/pages\/818"}],"collection":[{"href":"https:\/\/afit.si\/en\/wp-json\/wp\/v2\/pages"}],"about":[{"href":"https:\/\/afit.si\/en\/wp-json\/wp\/v2\/types\/page"}],"author":[{"embeddable":true,"href":"https:\/\/afit.si\/en\/wp-json\/wp\/v2\/users\/1"}],"replies":[{"embeddable":true,"href":"https:\/\/afit.si\/en\/wp-json\/wp\/v2\/comments?post=818"}],"version-history":[{"count":34,"href":"https:\/\/afit.si\/en\/wp-json\/wp\/v2\/pages\/818\/revisions"}],"predecessor-version":[{"id":34372,"href":"https:\/\/afit.si\/en\/wp-json\/wp\/v2\/pages\/818\/revisions\/34372"}],"wp:attachment":[{"href":"https:\/\/afit.si\/en\/wp-json\/wp\/v2\/media?parent=818"}],"curies":[{"name":"wp","href":"https:\/\/api.w.org\/{rel}","templated":true}]}}